{"id":2,"date":"2023-09-06T11:54:32","date_gmt":"2023-09-06T09:54:32","guid":{"rendered":"http:\/\/galerie.jacobsa.de\/?page_id=2"},"modified":"2023-10-02T10:45:51","modified_gmt":"2023-10-02T08:45:51","slug":"beispiel-seite","status":"publish","type":"page","link":"https:\/\/galerie.jacobsa.de\/index.php\/beispiel-seite\/","title":{"rendered":"Impressum"},"content":{"rendered":"\n<p>Dies ist eine Beispiel-Seite. Sie unterscheidet sich von Beitr\u00e4gen, da sie stets an derselben Stelle bleibt und (bei den meisten Themes) in der Website-Navigation angezeigt wird. Die meisten starten mit einem Impressum, der Datenschutzerkl\u00e4rung oder einer \u201e\u00dcber\u00a0uns\u201c-Seite, um sich potenziellen Besuchern der Website vorzustellen. Dort k\u00f6nnte zum Beispiel stehen:<\/p>\n\n\n\n<blockquote class=\"wp-block-quote is-layout-flow wp-block-quote-is-layout-flow\"><p>Hallo! Tags\u00fcber arbeite ich als Fahrradkurier, nachts bin ich ein aufstrebender Schauspieler und dies hier ist meine Website. Ich lebe in Berlin, habe einen gro\u00dfen Hund namens Jack, mag Pi&#241;a Coladas, jedoch weniger (ohne Schirm) im Regen stehen gelassen zu werden.<\/p><\/blockquote>\n\n\n\n<p>&#8230;\u00a0oder so etwas wie:<\/p>\n\n\n\n<blockquote class=\"wp-block-quote is-layout-flow wp-block-quote-is-layout-flow\"><p>Das Unternehmen XYZ wurde 1971 gegr\u00fcndet und versorgt die \u00d6ffentlichkeit seither mit qualitativ hochwertigen Produkten. An seinem Standort in einer kleinen Gro\u00dfstadt besch\u00e4ftigt der Betrieb \u00fcber 2.000 Menschen und unterst\u00fctzt die Stadtbewohner in vielfacher Hinsicht.<\/p><\/blockquote>\n\n\n\n<p>Als neuer WordPress-Benutzer solltest du <a href=\"https:\/\/galerie.jacobsa.de\/wp-admin\/\">dein Dashboard<\/a> aufrufen, um diese Seite zu l\u00f6schen und neue Seiten und Beitr\u00e4ge f\u00fcr deine Website erstellen. Viel Spa\u00df!<\/p>\n","protected":false},"excerpt":{"rendered":"<p>Dies ist eine Beispiel-Seite. Sie unterscheidet sich von Beitr\u00e4gen, da sie stets an derselben Stelle bleibt und (bei den meisten Themes) in der Website-Navigation angezeigt wird. Die meisten starten mit einem Impressum, der Datenschutzerkl\u00e4rung oder einer \u201e\u00dcber\u00a0uns\u201c-Seite, um sich potenziellen Besuchern der Website vorzustellen. Dort k\u00f6nnte zum Beispiel stehen: Hallo! Tags\u00fcber arbeite ich als Fahrradkurier, [&hellip;]<\/p>\n","protected":false},"author":1,"featured_media":0,"parent":0,"menu_order":6,"comment_status":"closed","ping_status":"open","template":"","meta":[],"class_list":["post-2","page","type-page","status-publish","hentry"],"grid":"{\r\n  \"colCount\": 12,\r\n  \"colGutter\": 1,\r\n  \"rowGutters\": [\r\n    5\r\n  ],\r\n  \"frameMargin\": 5,\r\n  \"leftFrameMargin\": 5,\r\n  \"rightFrameMargin\": 5,\r\n  \"topFrameMargin\": \"0\",\r\n  \"mus\": {\r\n    \"colGutterMu\": \"%\",\r\n    \"rowGutterMu\": \"%\",\r\n    \"topFrameMu\": \"px\",\r\n    \"bottomFrameMu\": \"%\",\r\n    \"frameMu\": \"%\"\r\n  },\r\n  \"bottomFrameMargin\": 5,\r\n  \"rowAttrs\": [\r\n    {\r\n      \"relid\": 3\r\n    },\r\n    {\r\n      \"relid\": 1\r\n    }\r\n  ],\r\n  \"bgColor\": null,\r\n  \"bgImage\": null,\r\n  \"cont\": [\r\n    {\r\n      \"type\": \"text\",\r\n      \"cont\": \"<p><span style=\\\"font-size: 14px;\\\"><strong>Angaben gem\u00e4\u00df \u00a7 5 TMG:<\/strong><\/span><br \/><br \/><span style=\\\"font-size: 14px;\\\">Firmenname: Kunsthandlung Jacobsa<\/span><br \/><span style=\\\"font-size: 14px;\\\">Gesch\u00e4ftsinhaber\/Gesch\u00e4ftsf\u00fchrer: Wolfgang Jacobsa<\/span><br \/><span style=\\\"font-size: 14px;\\\">Weinmarkt 2 (N\u00e4he Hauptmarkt)<\/span><br \/><span style=\\\"font-size: 14px;\\\">90403 N\u00fcrnberg<\/span><br \/><br \/><span style=\\\"font-size: 14px;\\\">Tel.:\u00a0 +49 (0) 911 306 75 05<\/span><br \/><span style=\\\"font-size: 14px;\\\">Fax:\u00a0 +49 (0) 911 240 34 88<\/span><br \/><span style=\\\"font-size: 14px;\\\">Mobil: +49 (0) 171 656 777 0 <\/span><br \/><span style=\\\"font-size: 14px;\\\">Mail: info@jacobsa.de<\/span><br \/><span style=\\\"font-size: 14px;\\\">www.jacobsa.de<\/span><br \/><span style=\\\"font-size: 14px;\\\">www.galerie-jacobsa.de<\/span><br \/><span style=\\\"font-size: 14px;\\\">\u00a0<\/span><\/p>\\n<p><span style=\\\"font-size: 14px;\\\"><strong>Umsatzsteuer-Identifikationsnummer gem\u00e4\u00df \u00a727 a Umsatzsteuergesetz:<\/strong><\/span><br \/><span style=\\\"font-size: 14px;\\\">DE 132690641<\/span><\/p>\\n<p>\u00a0<\/p>\\n<p><span style=\\\"font-size: 14px;\\\">Berufsbezeichnung: Kunsth\u00e4ndler<\/span><br \/><span style=\\\"font-size: 14px;\\\">zust\u00e4ndige Kammer: IHK N\u00fcrnberg<\/span><br \/><br \/><br \/><span style=\\\"font-size: 14px;\\\">Die EU-Kommission stellt eine Plattform f\u00fcr die au\u00dfergerichtliche Online-Streitbeilegung (OS-Plattform) bereit,<\/span><br \/><span style=\\\"font-size: 14px;\\\">die unter <a href=\\\"https:\/\/ec.europa.eu\/consumers\/odr\\\">https:\/\/ec.europa.eu\/consumers\/odr<\/a>\u00a0aufrufbar ist.<\/span><br \/><br \/><span style=\\\"font-size: 14px;\\\">Wir sind weder bereit noch verpflichtet, an einem Streitbeilegungsverfahren vor einer Verbraucherschlichtungsstelle teilzunehmen.<\/span><\/p>\",\r\n      \"align\": \"top\",\r\n      \"row\": 1,\r\n      \"col\": 0,\r\n      \"colspan\": 5,\r\n      \"offsetx\": 0,\r\n      \"offsety\": 0,\r\n      \"spaceabove\": 0,\r\n      \"spacebelow\": 0,\r\n      \"yvel\": 1,\r\n      \"push\": 0,\r\n      \"relid\": 2,\r\n      \"absolute_position\": false\r\n    }\r\n  ]\r\n}","phonegrid":"","_links":{"self":[{"href":"https:\/\/galerie.jacobsa.de\/index.php\/wp-json\/wp\/v2\/pages\/2","targetHints":{"allow":["GET"]}}],"collection":[{"href":"https:\/\/galerie.jacobsa.de\/index.php\/wp-json\/wp\/v2\/pages"}],"about":[{"href":"https:\/\/galerie.jacobsa.de\/index.php\/wp-json\/wp\/v2\/types\/page"}],"author":[{"embeddable":true,"href":"https:\/\/galerie.jacobsa.de\/index.php\/wp-json\/wp\/v2\/users\/1"}],"replies":[{"embeddable":true,"href":"https:\/\/galerie.jacobsa.de\/index.php\/wp-json\/wp\/v2\/comments?post=2"}],"version-history":[{"count":0,"href":"https:\/\/galerie.jacobsa.de\/index.php\/wp-json\/wp\/v2\/pages\/2\/revisions"}],"wp:attachment":[{"href":"https:\/\/galerie.jacobsa.de\/index.php\/wp-json\/wp\/v2\/media?parent=2"}],"curies":[{"name":"wp","href":"https:\/\/api.w.org\/{rel}","templated":true}]}}